{"id":100775,"date":"2026-02-04T16:16:01","date_gmt":"2026-02-04T15:16:01","guid":{"rendered":"https:\/\/mihapi.com\/?post_type=product&#038;p=100775"},"modified":"2026-02-26T14:20:52","modified_gmt":"2026-02-26T13:20:52","slug":"cita-valoracion-y-medicion-ortopedica-para-perros","status":"publish","type":"product","link":"https:\/\/mihapi.com\/en\/store\/servicios-y-asesoramiento\/cita-valoracion-y-medicion-ortopedica-para-perros\/","title":{"rendered":"Cita para valoraci\u00f3n y medici\u00f3n ortop\u00e9dica para perros"},"content":{"rendered":"","protected":false},"excerpt":{"rendered":"<p><strong data-start=\"1915\" data-end=\"2037\">Cita online o presencial para la valoraci\u00f3n del caso y\/o medici\u00f3n del paciente en casos de ortopedia veterinaria personalizada.<\/strong><br data-start=\"2037\" data-end=\"2040\" \/>Durante la sesi\u00f3n evaluamos la movilidad, las necesidades espec\u00edficas del animal y realizamos las mediciones necesarias para el desarrollo de soluciones como sillas de ruedas u ortesis a medida.<\/p>\n<p>Esta cita no sustituye el diagn\u00f3stico ni tratamiento veterinario, sino que se centra en la <strong data-start=\"3036\" data-end=\"3073\">valoraci\u00f3n funcional y ortop\u00e9dica<\/strong> del animal para estudiar posibles soluciones de apoyo y movilidad.<\/p>\n","protected":false},"featured_media":0,"comment_status":"closed","ping_status":"closed","template":"","meta":{"_monsterinsights_skip_tracking":false,"_monsterinsights_sitenote_active":false,"_monsterinsights_sitenote_note":"","_monsterinsights_sitenote_category":0},"product_brand":[],"product_cat":[190],"product_tag":[],"class_list":{"0":"post-100775","1":"product","2":"type-product","3":"status-publish","5":"product_cat-servicios-y-asesoramiento","7":"first","8":"instock","9":"taxable","10":"shipping-taxable","11":"purchasable","12":"product-type-simple"},"_links":{"self":[{"href":"https:\/\/mihapi.com\/en\/wp-json\/wp\/v2\/product\/100775","targetHints":{"allow":["GET"]}}],"collection":[{"href":"https:\/\/mihapi.com\/en\/wp-json\/wp\/v2\/product"}],"about":[{"href":"https:\/\/mihapi.com\/en\/wp-json\/wp\/v2\/types\/product"}],"replies":[{"embeddable":true,"href":"https:\/\/mihapi.com\/en\/wp-json\/wp\/v2\/comments?post=100775"}],"wp:attachment":[{"href":"https:\/\/mihapi.com\/en\/wp-json\/wp\/v2\/media?parent=100775"}],"wp:term":[{"taxonomy":"product_brand","embeddable":true,"href":"https:\/\/mihapi.com\/en\/wp-json\/wp\/v2\/product_brand?post=100775"},{"taxonomy":"product_cat","embeddable":true,"href":"https:\/\/mihapi.com\/en\/wp-json\/wp\/v2\/product_cat?post=100775"},{"taxonomy":"product_tag","embeddable":true,"href":"https:\/\/mihapi.com\/en\/wp-json\/wp\/v2\/product_tag?post=100775"}],"curies":[{"name":"wp","href":"https:\/\/api.w.org\/{rel}","templated":true}]}}