{"id":100914,"date":"2026-02-17T17:13:23","date_gmt":"2026-02-17T16:13:23","guid":{"rendered":"https:\/\/mihapi.com\/?post_type=product&#038;p=100914"},"modified":"2026-02-26T14:19:14","modified_gmt":"2026-02-26T13:19:14","slug":"introduccion-guiada-de-silla-de-ruedas-mihapi-en-tienda","status":"publish","type":"product","link":"https:\/\/mihapi.com\/en\/store\/servicios-y-asesoramiento\/introduccion-guiada-de-silla-de-ruedas-mihapi-en-tienda\/","title":{"rendered":"Introducci\u00f3n guiada de silla de ruedas Mihapi\u00ae en tienda"},"content":{"rendered":"","protected":false},"excerpt":{"rendered":"<p>Recoge tu silla Mihapi\u00ae en nuestras oficinas y deja que te acompa\u00f1emos en el primer uso. Realizamos contigo la introducci\u00f3n, ajustes iniciales y recomendaciones pr\u00e1cticas para que tu perro comience esta nueva etapa con total seguridad y tranquilidad.<br data-start=\"2140\" data-end=\"2143\" \/>Servicio con cita previa.<\/p>\n","protected":false},"featured_media":0,"comment_status":"closed","ping_status":"closed","template":"","meta":{"_monsterinsights_skip_tracking":false,"_monsterinsights_sitenote_active":false,"_monsterinsights_sitenote_note":"","_monsterinsights_sitenote_category":0},"product_brand":[],"product_cat":[190],"product_tag":[],"class_list":{"0":"post-100914","1":"product","2":"type-product","3":"status-publish","5":"product_cat-servicios-y-asesoramiento","7":"first","8":"instock","9":"virtual","10":"taxable","11":"purchasable","12":"product-type-simple"},"_links":{"self":[{"href":"https:\/\/mihapi.com\/en\/wp-json\/wp\/v2\/product\/100914","targetHints":{"allow":["GET"]}}],"collection":[{"href":"https:\/\/mihapi.com\/en\/wp-json\/wp\/v2\/product"}],"about":[{"href":"https:\/\/mihapi.com\/en\/wp-json\/wp\/v2\/types\/product"}],"replies":[{"embeddable":true,"href":"https:\/\/mihapi.com\/en\/wp-json\/wp\/v2\/comments?post=100914"}],"wp:attachment":[{"href":"https:\/\/mihapi.com\/en\/wp-json\/wp\/v2\/media?parent=100914"}],"wp:term":[{"taxonomy":"product_brand","embeddable":true,"href":"https:\/\/mihapi.com\/en\/wp-json\/wp\/v2\/product_brand?post=100914"},{"taxonomy":"product_cat","embeddable":true,"href":"https:\/\/mihapi.com\/en\/wp-json\/wp\/v2\/product_cat?post=100914"},{"taxonomy":"product_tag","embeddable":true,"href":"https:\/\/mihapi.com\/en\/wp-json\/wp\/v2\/product_tag?post=100914"}],"curies":[{"name":"wp","href":"https:\/\/api.w.org\/{rel}","templated":true}]}}